{"id":20,"date":"2023-08-20T21:29:28","date_gmt":"2023-08-20T19:29:28","guid":{"rendered":"http:\/\/lsawp.test\/?page_id=13"},"modified":"2025-07-29T18:07:03","modified_gmt":"2025-07-29T16:07:03","slug":"nous-contacter","status":"publish","type":"page","link":"https:\/\/www.adminlsa.fr\/LSA\/public\/nous-contacter\/","title":{"rendered":"Nous contacter"},"content":{"rendered":"\n<p class=\"has-text-align-left has-black-color has-text-color\">Pour tout renseignement, nous nous tenons \u00e0 votre disposition par mail \u00e0 l&rsquo;adresse suivante :  <b> <\/b><\/p>\n\n\n\n<p class=\"has-text-align-center has-black-color has-text-color\"><a href=\"mailto:lesportautrement42@gmail.com\">lesportautrement42@gmail.com<\/a> <a title=\"Anti-SPAM Protection\" href=\"http:\/\/www.supportduweb.com\/protection-email-antispam-cacher-adresse-email-site-web-code-source-html-javascript-base64-crypter-email-encoder.html\"><img loading=\"lazy\" decoding=\"async\" width=\"14\" height=\"14\" src=\"https:\/\/upload.wikimedia.org\/wikipedia\/commons\/2\/28\/Semi_protect.svg\"><\/a> ou par t\u00e9l\u00e9phone au <strong>06 67 88 65 26<\/strong><\/p>\n\n\n\n<p><\/p>\n\n\n\n<p class=\"has-black-color has-text-color\">Nous sommes situ\u00e9.es dans le quartier de Carnot \u00e0 l&rsquo;adresse suivante :<\/p>\n\n\n\n<p class=\"has-text-align-center has-black-color has-text-color\">25 rue Borie 42000 Saint Etienne<\/p>\n\n\n\n<p class=\"has-text-align-center has-black-color has-text-color\"><strong>Bus<\/strong> : ligne 12 arr\u00eat Visitation<\/p>\n\n\n\n<p class=\"has-text-align-center has-black-color has-text-color\"><strong>Tram<\/strong> : lignes T1 et T2 arr\u00eat Cit\u00e9 du Design<\/p>\n\n\n\n<p class=\"has-text-align-center has-black-color has-text-color\"><strong>Plan<\/strong> (cliquez sur l&rsquo;image pour acc\u00e9der \u00e0 google maps) : <\/p>\n\n\n<div class=\"wp-block-image\">\n<figure class=\"aligncenter size-full\"><a href=\"https:\/\/www.google.com\/maps\/place\/25+Rue+Borie,+42000+Saint-%C3%89tienne\" target=\"_blank\" rel=\"noopener\"><img loading=\"lazy\" decoding=\"async\" width=\"692\" height=\"426\" src=\"https:\/\/www.adminlsa.fr\/LSA\/public\/wp-content\/uploads\/2024\/07\/Carte.png\" alt=\"\" class=\"wp-image-149\" srcset=\"https:\/\/www.adminlsa.fr\/LSA\/public\/wp-content\/uploads\/2024\/07\/Carte.png 692w, https:\/\/www.adminlsa.fr\/LSA\/public\/wp-content\/uploads\/2024\/07\/Carte-300x185.png 300w\" sizes=\"auto, (max-width: 692px) 100vw, 692px\" \/><\/a><\/figure>\n<\/div>","protected":false},"excerpt":{"rendered":"<p>Pour tout renseignement, nous nous tenons \u00e0 votre disposition par mail \u00e0 l&rsquo;adresse suivante : lesportautrement42@gmail.com ou par t\u00e9l\u00e9phone au 06 67 88 65 26 Nous sommes situ\u00e9.es dans le quartier de Carnot \u00e0 l&rsquo;adresse suivante : 25 rue Borie 42000 Saint Etienne Bus : ligne 12 arr\u00eat Visitation Tram : lignes T1 et T2 [&hellip;]<\/p>\n","protected":false},"author":1,"featured_media":0,"parent":0,"menu_order":0,"comment_status":"closed","ping_status":"closed","template":"","meta":{"footnotes":""},"class_list":["post-20","page","type-page","status-publish","hentry"],"_links":{"self":[{"href":"https:\/\/www.adminlsa.fr\/LSA\/public\/wp-json\/wp\/v2\/pages\/20","targetHints":{"allow":["GET"]}}],"collection":[{"href":"https:\/\/www.adminlsa.fr\/LSA\/public\/wp-json\/wp\/v2\/pages"}],"about":[{"href":"https:\/\/www.adminlsa.fr\/LSA\/public\/wp-json\/wp\/v2\/types\/page"}],"author":[{"embeddable":true,"href":"https:\/\/www.adminlsa.fr\/LSA\/public\/wp-json\/wp\/v2\/users\/1"}],"replies":[{"embeddable":true,"href":"https:\/\/www.adminlsa.fr\/LSA\/public\/wp-json\/wp\/v2\/comments?post=20"}],"version-history":[{"count":11,"href":"https:\/\/www.adminlsa.fr\/LSA\/public\/wp-json\/wp\/v2\/pages\/20\/revisions"}],"predecessor-version":[{"id":420,"href":"https:\/\/www.adminlsa.fr\/LSA\/public\/wp-json\/wp\/v2\/pages\/20\/revisions\/420"}],"wp:attachment":[{"href":"https:\/\/www.adminlsa.fr\/LSA\/public\/wp-json\/wp\/v2\/media?parent=20"}],"curies":[{"name":"wp","href":"https:\/\/api.w.org\/{rel}","templated":true}]}}