{"id":56,"date":"2023-08-23T13:57:13","date_gmt":"2023-08-23T11:57:13","guid":{"rendered":"http:\/\/lsawp.test\/?page_id=56"},"modified":"2025-09-15T13:41:09","modified_gmt":"2025-09-15T11:41:09","slug":"accueil","status":"publish","type":"page","link":"https:\/\/www.adminlsa.fr\/LSA\/public\/accueil\/","title":{"rendered":"Inscriptions"},"content":{"rendered":"\n<p class=\"has-text-align-center has-vivid-red-color has-text-color has-link-color has-large-font-size wp-elements-cf7adcb6a6c6b674af2cf0d34c0261b5\"><strong>Saison 2025-2026<\/strong><\/p>\n\n\n\n<p class=\"has-text-align-center has-black-color has-text-color has-link-color has-medium-font-size wp-elements-74800c726eb4de6119c29bc185815a68\"><strong>L\u2019INSCRIPTION EST OBLIGATOIRE<\/strong><\/p>\n\n\n\n<p class=\"has-black-color has-text-color has-link-color wp-elements-3a3fde87d6c37a77f62bdf8a53b8868b\">Pour adh\u00e9rer \u00e0 l\u2019association et avoir acc\u00e8s aux activit\u00e9s de la salle, les personnes devront s\u2019acquitter des t\u00e2ches suivantes :<\/p>\n\n\n\n<ul class=\"wp-block-list has-black-color has-text-color has-link-color wp-elements-3896a6924b23c639926ae29155ca9b4a\">\n<li style=\"font-style:normal;font-weight:400\">\u00c9tablir un certificat m\u00e9dical d\u2019aptitude \u00e0 la pratique sportive par un m\u00e9decin. Si vous comptez vous inscrire en <strong>Muay Tha\u00ef<\/strong> ou <strong>KickBoxing<\/strong>, veuillez t\u00e9l\u00e9charger le certificat m\u00e9dical correspondant et le faire remplir par votre m\u00e9decin.<\/li>\n\n\n\n<li style=\"font-style:normal;font-weight:400\">Venir au Sport Autrement pour faire le dossier d\u2019inscription (pr\u00e9sence d\u2019un majeur responsable pour les moins de 18 ans obligatoire).<\/li>\n\n\n\n<li style=\"font-style:normal;font-weight:400\">Proc\u00e9der au r\u00e8glement de la cotisation.<\/li>\n<\/ul>\n\n\n\n<p class=\"has-text-align-center has-black-color has-text-color has-link-color wp-elements-007b58c8728d988abaaaacb740289f6b\">Alors, prenez d\u00e8s \u00e0 pr\u00e9sent vos dispositions pour avoir votre <strong><strong>CERTIFICAT M\u00c9DICAL<\/strong><\/strong><\/p>\n\n\n\n<p class=\"has-text-align-center has-black-color has-text-color\">Certificat m\u00e9dical <strong>Muay Tha\u00ef<\/strong> et\/ou <strong>KickBoxing<\/strong> \u00e0 faire remplir par votre m\u00e9decin :<\/p>\n\n\n\n<div class=\"wp-block-group has-black-color has-text-color has-link-color has-medium-font-size wp-elements-924e7732ac1d25f2ac60c97585b4768d is-horizontal is-content-justification-center is-nowrap is-layout-flex wp-container-core-group-is-layout-c1dfda1e wp-block-group-is-layout-flex\">\n<div class=\"wp-block-file\"><a id=\"wp-block-file--media-221e085c-8f87-49bc-903b-4bb2574f3a73\" href=\"https:\/\/www.adminlsa.fr\/LSA\/public\/wp-content\/uploads\/2023\/08\/certif_loisir.pdf\" target=\"_blank\" rel=\"noreferrer noopener\">Loisir<\/a><a href=\"https:\/\/www.adminlsa.fr\/LSA\/public\/wp-content\/uploads\/2023\/08\/certif_loisir.pdf\" class=\"wp-block-file__button wp-element-button\" download aria-describedby=\"wp-block-file--media-221e085c-8f87-49bc-903b-4bb2574f3a73\">T\u00e9l\u00e9charger<\/a><\/div>\n\n\n\n<div class=\"wp-block-file\"><a id=\"wp-block-file--media-3f5f2297-cf35-456e-82f4-11eeed7cca01\" href=\"https:\/\/www.adminlsa.fr\/LSA\/public\/wp-content\/uploads\/2023\/08\/certif_combat.pdf\" target=\"_blank\" rel=\"noreferrer noopener\">Comp\u00e9tition<\/a><a href=\"https:\/\/www.adminlsa.fr\/LSA\/public\/wp-content\/uploads\/2023\/08\/certif_combat.pdf\" class=\"wp-block-file__button wp-element-button\" download aria-describedby=\"wp-block-file--media-3f5f2297-cf35-456e-82f4-11eeed7cca01\">T\u00e9l\u00e9charger<\/a><\/div>\n<\/div>\n\n\n\n<p class=\"has-black-color has-text-color has-link-color wp-elements-7f576088fb370b52f9dc00d4f87c5dff\">D\u00e8s lors que ces t\u00e2ches sont effectu\u00e9es, l\u2019adh\u00e9rent.e a acc\u00e8s \u00e0 toutes les activit\u00e9s propos\u00e9es par la salle sans restriction, sous r\u00e9serve d\u2019acceptation et de respect de la charte.<\/p>\n\n\n\n<h2 class=\"wp-block-heading\">Tarifs<\/h2>\n\n\n\n<ul class=\"wp-block-list has-black-color has-text-color\">\n<li><strong>Adultes : 280 \u20ac<\/strong><\/li>\n\n\n\n<li><strong>Prix Solidaire 250 \u20ac (RSA, \u00e9tudiant.e boursi\u00e8r.e, demandeur.euse<\/strong> <strong>d&#8217;emploi)<\/strong><\/li>\n\n\n\n<li><strong>Ados : 230 \u20ac<\/strong><\/li>\n\n\n\n<li><strong>Enfants : 180 \u20ac<\/strong><\/li>\n<\/ul>\n\n\n\n<p class=\"has-black-color has-text-color\"><em>Informations concernant l&rsquo;adh\u00e9sion<\/em> :<\/p>\n\n\n\n<ul class=\"wp-block-list\">\n<li class=\"has-black-color has-text-color has-link-color wp-elements-4bde2e6c9c17e4c614cb6cc741b014c0\">Pass&rsquo;Sport et Pass&rsquo;R\u00e9gion accept\u00e9s.<\/li>\n<\/ul>\n\n\n\n<ul class=\"wp-block-list\">\n<li class=\"has-black-color has-text-color has-link-color wp-elements-81e3442347b5b9cfe47814238b226c9e\">Assurance et licence FFKMDA comprises.<\/li>\n<\/ul>\n\n\n\n<ul class=\"wp-block-list\">\n<li class=\"has-black-color has-text-color has-link-color wp-elements-ed9bf20fe1a10facc3ea8fcfbc34e531\">Une fois l\u2019inscription finalis\u00e9e, il n\u2019y aura pas de remboursement possible.<\/li>\n<\/ul>\n\n\n\n<ul class=\"wp-block-list\">\n<li class=\"has-black-color has-text-color has-link-color wp-elements-068a7f4e314ef311025163c21310005a\">En plus de la cotisation, une participation \u00e0 prix libre pour adh\u00e9rer \u00e0 l\u2019association sera demand\u00e9e.<\/li>\n<\/ul>\n","protected":false},"excerpt":{"rendered":"<p>Saison 2025-2026 L\u2019INSCRIPTION EST OBLIGATOIRE Pour adh\u00e9rer \u00e0 l\u2019association et avoir acc\u00e8s aux activit\u00e9s de la salle, les personnes devront s\u2019acquitter des t\u00e2ches suivantes : Alors, prenez d\u00e8s \u00e0 pr\u00e9sent vos dispositions pour avoir votre CERTIFICAT M\u00c9DICAL Certificat m\u00e9dical Muay Tha\u00ef et\/ou KickBoxing \u00e0 faire remplir par votre m\u00e9decin : D\u00e8s lors que ces t\u00e2ches [&hellip;]<\/p>\n","protected":false},"author":1,"featured_media":0,"parent":0,"menu_order":0,"comment_status":"closed","ping_status":"closed","template":"","meta":{"footnotes":""},"class_list":["post-56","page","type-page","status-publish","hentry"],"_links":{"self":[{"href":"https:\/\/www.adminlsa.fr\/LSA\/public\/wp-json\/wp\/v2\/pages\/56","targetHints":{"allow":["GET"]}}],"collection":[{"href":"https:\/\/www.adminlsa.fr\/LSA\/public\/wp-json\/wp\/v2\/pages"}],"about":[{"href":"https:\/\/www.adminlsa.fr\/LSA\/public\/wp-json\/wp\/v2\/types\/page"}],"author":[{"embeddable":true,"href":"https:\/\/www.adminlsa.fr\/LSA\/public\/wp-json\/wp\/v2\/users\/1"}],"replies":[{"embeddable":true,"href":"https:\/\/www.adminlsa.fr\/LSA\/public\/wp-json\/wp\/v2\/comments?post=56"}],"version-history":[{"count":44,"href":"https:\/\/www.adminlsa.fr\/LSA\/public\/wp-json\/wp\/v2\/pages\/56\/revisions"}],"predecessor-version":[{"id":487,"href":"https:\/\/www.adminlsa.fr\/LSA\/public\/wp-json\/wp\/v2\/pages\/56\/revisions\/487"}],"wp:attachment":[{"href":"https:\/\/www.adminlsa.fr\/LSA\/public\/wp-json\/wp\/v2\/media?parent=56"}],"curies":[{"name":"wp","href":"https:\/\/api.w.org\/{rel}","templated":true}]}}